{"id":1528,"date":"2022-07-14T07:33:28","date_gmt":"2022-07-14T07:33:28","guid":{"rendered":"https:\/\/mallorcadisseny.com\/elguiahotel\/hotel\/"},"modified":"2024-02-23T12:52:37","modified_gmt":"2024-02-23T12:52:37","slug":"hotel","status":"publish","type":"page","link":"https:\/\/www.hotelelguia.com\/ca\/hotel\/","title":{"rendered":"Hotel"},"content":{"rendered":"\t\t<div data-elementor-type=\"wp-page\" data-elementor-id=\"1528\" class=\"elementor elementor-1528\">\n\t\t\t\t\t\t<section class=\"elementor-section elementor-top-section elementor-element elementor-element-71070462 elementor-section-height-min-height elementor-section-full_width elementor-section-height-default elementor-section-items-middle\" data-id=\"71070462\" data-element_type=\"section\" data-settings=\"{&quot;background_background&quot;:&quot;slideshow&quot;,&quot;background_slideshow_gallery&quot;:[{&quot;id&quot;:628,&quot;url&quot;:&quot;https:\\\/\\\/www.hotelelguia.com\\\/wp-content\\\/uploads\\\/2022\\\/07\\\/terraza_ok.webp&quot;},{&quot;id&quot;:626,&quot;url&quot;:&quot;https:\\\/\\\/www.hotelelguia.com\\\/wp-content\\\/uploads\\\/2022\\\/07\\\/habitacion8.webp&quot;},{&quot;id&quot;:632,&quot;url&quot;:&quot;https:\\\/\\\/www.hotelelguia.com\\\/wp-content\\\/uploads\\\/2022\\\/07\\\/salon.webp&quot;},{&quot;id&quot;:627,&quot;url&quot;:&quot;https:\\\/\\\/www.hotelelguia.com\\\/wp-content\\\/uploads\\\/2022\\\/07\\\/mesa-terraza.webp&quot;}],&quot;background_slideshow_lazyload&quot;:&quot;yes&quot;,&quot;background_slideshow_loop&quot;:&quot;yes&quot;,&quot;background_slideshow_slide_duration&quot;:5000,&quot;background_slideshow_slide_transition&quot;:&quot;fade&quot;,&quot;background_slideshow_transition_duration&quot;:500}\">\n\t\t\t\t\t\t\t<div class=\"elementor-background-overlay\"><\/div>\n\t\t\t\t\t\t\t<div class=\"elementor-container elementor-column-gap-no\">\n\t\t\t\t\t<div class=\"elementor-column elementor-col-100 elementor-top-column elementor-element elementor-element-6ad51616\" data-id=\"6ad51616\" data-element_type=\"column\" data-settings=\"{&quot;background_background&quot;:&quot;classic&quot;}\">\n\t\t\t<div class=\"elementor-widget-wrap elementor-element-populated\">\n\t\t\t\t\t<div class=\"elementor-background-overlay\"><\/div>\n\t\t\t\t\t\t<div class=\"elementor-element elementor-element-877a095 titsombra elementor-widget elementor-widget-heading\" data-id=\"877a095\" data-element_type=\"widget\" data-widget_type=\"heading.default\">\n\t\t\t\t<div class=\"elementor-widget-container\">\n\t\t\t\t\t<h1 class=\"elementor-heading-title elementor-size-default\">L'Hotel<\/h1>\t\t\t\t<\/div>\n\t\t\t\t<\/div>\n\t\t\t\t\t<\/div>\n\t\t<\/div>\n\t\t\t\t\t<\/div>\n\t\t<\/section>\n\t\t\t\t<section class=\"elementor-section elementor-top-section elementor-element elementor-element-a08aab3 elementor-section-content-middle elementor-section-boxed elementor-section-height-default elementor-section-height-default\" data-id=\"a08aab3\" data-element_type=\"section\">\n\t\t\t\t\t\t<div class=\"elementor-container elementor-column-gap-extended\">\n\t\t\t\t\t<div class=\"elementor-column elementor-col-100 elementor-top-column elementor-element elementor-element-3a840df\" data-id=\"3a840df\" data-element_type=\"column\">\n\t\t\t<div class=\"elementor-widget-wrap elementor-element-populated\">\n\t\t\t\t\t\t<div class=\"elementor-element elementor-element-37feb15 h2petit elementor-widget elementor-widget-heading\" data-id=\"37feb15\" data-element_type=\"widget\" data-widget_type=\"heading.default\">\n\t\t\t\t<div class=\"elementor-widget-container\">\n\t\t\t\t\t<h2 class=\"elementor-heading-title elementor-size-default\">HOTEL EL GU\u00cdA<\/h2>\t\t\t\t<\/div>\n\t\t\t\t<\/div>\n\t\t\t\t<div class=\"elementor-element elementor-element-4c3603a titperso38 elementor-widget elementor-widget-heading\" data-id=\"4c3603a\" data-element_type=\"widget\" data-widget_type=\"heading.default\">\n\t\t\t\t<div class=\"elementor-widget-container\">\n\t\t\t\t\t<div class=\"elementor-heading-title elementor-size-default\">Un lloc amb m\u00e9s d'un segle d'hist\u00f2ria, que mant\u00e9 intacta la seva ess\u00e8ncia.<\/div>\t\t\t\t<\/div>\n\t\t\t\t<\/div>\n\t\t\t\t<div class=\"elementor-element elementor-element-ffa88d8 elementor-widget elementor-widget-text-editor\" data-id=\"ffa88d8\" data-element_type=\"widget\" data-widget_type=\"text-editor.default\">\n\t\t\t\t<div class=\"elementor-widget-container\">\n\t\t\t\t\t\t\t\t\t<p>El Gu\u00eda es un petit hotel-restaurant situat en ple centre del poble de S\u00f3ller, al costat de l&#8217;estaci\u00f3 del tren, i molt aprop de la pla\u00e7a principal.<\/p><p>\u00c9s un dels establiments m\u00e9s antics de Mallorca (des de 1880); la seva fisonomia conserva tot el car\u00e0cter i encant de l&#8217;arquitectura m\u00e9s tradicional de l&#8217;illa. Encara que sense grans instal\u00b7lacions, ofereix al visitant la possibilitat d&#8217;allotjar-se en un hotel genu\u00ed, molt mallorqu\u00ed, i especialment cuidat en tots els seus aspectes.<\/p><p>Actualment ha estat remodelat i modernitzat, per\u00f2 respectant l&#8217;ess\u00e8ncia d&#8217;un establiment amb hist\u00f2ria.<\/p><p>Des de algunes habitacions es poden contemplar les impressionants vistes a la Serra de Tramuntana i tamb\u00e9 cap el gran campanar de l&#8217;esgl\u00e8sia.<\/p><p>Per tot aix\u00f2, resulta un lloc tranquil i molt acollidor en el seu conjunt, el que permet un tracte proper i c\u00e0lid, que aporta sensaci\u00f3 de benestar al visitant.<\/p><p>El seu empla\u00e7ament \u00e9s ideal per als amants del senderism. La vall de S\u00f3ller i el seu entorn s\u00f3n lloc privilegiat per la bellesa dels seus paratges, havent estat declarat Patrimoni de la Humanitat per la UNESCO l&#8217;any 2011.<\/p>\t\t\t\t\t\t\t\t<\/div>\n\t\t\t\t<\/div>\n\t\t\t\t\t<\/div>\n\t\t<\/div>\n\t\t\t\t\t<\/div>\n\t\t<\/section>\n\t\t\t\t<\/div>\n\t\t","protected":false},"excerpt":{"rendered":"<p>L&#8217;Hotel HOTEL EL GU\u00cdA Un lloc amb m\u00e9s d&#8217;un segle d&#8217;hist\u00f2ria, que mant\u00e9 intacta la seva ess\u00e8ncia. El Gu\u00eda es un petit hotel-restaurant situat en ple centre del poble de S\u00f3ller, al costat de l&#8217;estaci\u00f3 del tren, i molt aprop de la pla\u00e7a principal. \u00c9s un dels establiments m\u00e9s antics de Mallorca (des de 1880); [&hellip;]<\/p>\n","protected":false},"author":1,"featured_media":0,"parent":0,"menu_order":0,"comment_status":"closed","ping_status":"closed","template":"elementor_header_footer","meta":{"footnotes":""},"class_list":["post-1528","page","type-page","status-publish","hentry"],"_links":{"self":[{"href":"https:\/\/www.hotelelguia.com\/ca\/wp-json\/wp\/v2\/pages\/1528","targetHints":{"allow":["GET"]}}],"collection":[{"href":"https:\/\/www.hotelelguia.com\/ca\/wp-json\/wp\/v2\/pages"}],"about":[{"href":"https:\/\/www.hotelelguia.com\/ca\/wp-json\/wp\/v2\/types\/page"}],"author":[{"embeddable":true,"href":"https:\/\/www.hotelelguia.com\/ca\/wp-json\/wp\/v2\/users\/1"}],"replies":[{"embeddable":true,"href":"https:\/\/www.hotelelguia.com\/ca\/wp-json\/wp\/v2\/comments?post=1528"}],"version-history":[{"count":3,"href":"https:\/\/www.hotelelguia.com\/ca\/wp-json\/wp\/v2\/pages\/1528\/revisions"}],"predecessor-version":[{"id":1654,"href":"https:\/\/www.hotelelguia.com\/ca\/wp-json\/wp\/v2\/pages\/1528\/revisions\/1654"}],"wp:attachment":[{"href":"https:\/\/www.hotelelguia.com\/ca\/wp-json\/wp\/v2\/media?parent=1528"}],"curies":[{"name":"wp","href":"https:\/\/api.w.org\/{rel}","templated":true}]}}