{"id":1530,"date":"2022-07-14T07:33:28","date_gmt":"2022-07-14T07:33:28","guid":{"rendered":"https:\/\/mallorcadisseny.com\/elguiahotel\/hotel\/"},"modified":"2024-02-23T12:26:34","modified_gmt":"2024-02-23T12:26:34","slug":"hotel","status":"publish","type":"page","link":"https:\/\/www.hotelelguia.com\/fr\/hotel\/","title":{"rendered":"L\u2019H\u00f4tel"},"content":{"rendered":"\t\t<div data-elementor-type=\"wp-page\" data-elementor-id=\"1530\" class=\"elementor elementor-1530\">\n\t\t\t\t\t\t<section class=\"elementor-section elementor-top-section elementor-element elementor-element-71070462 elementor-section-height-min-height elementor-section-full_width elementor-section-height-default elementor-section-items-middle\" data-id=\"71070462\" data-element_type=\"section\" data-settings=\"{&quot;background_background&quot;:&quot;slideshow&quot;,&quot;background_slideshow_gallery&quot;:[{&quot;id&quot;:628,&quot;url&quot;:&quot;https:\\\/\\\/www.hotelelguia.com\\\/wp-content\\\/uploads\\\/2022\\\/07\\\/terraza_ok.webp&quot;},{&quot;id&quot;:626,&quot;url&quot;:&quot;https:\\\/\\\/www.hotelelguia.com\\\/wp-content\\\/uploads\\\/2022\\\/07\\\/habitacion8.webp&quot;},{&quot;id&quot;:632,&quot;url&quot;:&quot;https:\\\/\\\/www.hotelelguia.com\\\/wp-content\\\/uploads\\\/2022\\\/07\\\/salon.webp&quot;},{&quot;id&quot;:627,&quot;url&quot;:&quot;https:\\\/\\\/www.hotelelguia.com\\\/wp-content\\\/uploads\\\/2022\\\/07\\\/mesa-terraza.webp&quot;}],&quot;background_slideshow_lazyload&quot;:&quot;yes&quot;,&quot;background_slideshow_loop&quot;:&quot;yes&quot;,&quot;background_slideshow_slide_duration&quot;:5000,&quot;background_slideshow_slide_transition&quot;:&quot;fade&quot;,&quot;background_slideshow_transition_duration&quot;:500}\">\n\t\t\t\t\t\t\t<div class=\"elementor-background-overlay\"><\/div>\n\t\t\t\t\t\t\t<div class=\"elementor-container elementor-column-gap-no\">\n\t\t\t\t\t<div class=\"elementor-column elementor-col-100 elementor-top-column elementor-element elementor-element-6ad51616\" data-id=\"6ad51616\" data-element_type=\"column\" data-settings=\"{&quot;background_background&quot;:&quot;classic&quot;}\">\n\t\t\t<div class=\"elementor-widget-wrap elementor-element-populated\">\n\t\t\t\t\t<div class=\"elementor-background-overlay\"><\/div>\n\t\t\t\t\t\t<div class=\"elementor-element elementor-element-877a095 titsombra elementor-widget elementor-widget-heading\" data-id=\"877a095\" data-element_type=\"widget\" data-widget_type=\"heading.default\">\n\t\t\t\t<div class=\"elementor-widget-container\">\n\t\t\t\t\t<h1 class=\"elementor-heading-title elementor-size-default\">L\u2019H\u00f4tel<\/h1>\t\t\t\t<\/div>\n\t\t\t\t<\/div>\n\t\t\t\t\t<\/div>\n\t\t<\/div>\n\t\t\t\t\t<\/div>\n\t\t<\/section>\n\t\t\t\t<section class=\"elementor-section elementor-top-section elementor-element elementor-element-a08aab3 elementor-section-content-middle elementor-section-boxed elementor-section-height-default elementor-section-height-default\" data-id=\"a08aab3\" data-element_type=\"section\">\n\t\t\t\t\t\t<div class=\"elementor-container elementor-column-gap-extended\">\n\t\t\t\t\t<div class=\"elementor-column elementor-col-100 elementor-top-column elementor-element elementor-element-3a840df\" data-id=\"3a840df\" data-element_type=\"column\">\n\t\t\t<div class=\"elementor-widget-wrap elementor-element-populated\">\n\t\t\t\t\t\t<div class=\"elementor-element elementor-element-37feb15 h2petit elementor-widget elementor-widget-heading\" data-id=\"37feb15\" data-element_type=\"widget\" data-widget_type=\"heading.default\">\n\t\t\t\t<div class=\"elementor-widget-container\">\n\t\t\t\t\t<h2 class=\"elementor-heading-title elementor-size-default\">HOTEL EL GU\u00cdA<\/h2>\t\t\t\t<\/div>\n\t\t\t\t<\/div>\n\t\t\t\t<div class=\"elementor-element elementor-element-4c3603a titperso38 elementor-widget elementor-widget-heading\" data-id=\"4c3603a\" data-element_type=\"widget\" data-widget_type=\"heading.default\">\n\t\t\t\t<div class=\"elementor-widget-container\">\n\t\t\t\t\t<div class=\"elementor-heading-title elementor-size-default\">Un endroit avec plus d\u2019un si\u00e8cle d\u2019histoire, dont l\u2019essence est rest\u00e9e intacte.<\/div>\t\t\t\t<\/div>\n\t\t\t\t<\/div>\n\t\t\t\t<div class=\"elementor-element elementor-element-ffa88d8 elementor-widget elementor-widget-text-editor\" data-id=\"ffa88d8\" data-element_type=\"widget\" data-widget_type=\"text-editor.default\">\n\t\t\t\t<div class=\"elementor-widget-container\">\n\t\t\t\t\t\t\t\t\t<p>Le Gu\u00eda est un petit h\u00f4tel-restaurant situ\u00e9 en plein c\u0153ur du village de S\u00f3ller, \u00e0 c\u00f4t\u00e9 de la gare, et tr\u00e8s pr\u00e8s de la place principale.<\/p><p>C\u2019est un des \u00e9tablissements les plus anciens de Majorque (depuis 1880); sa physionomie conserve tout le caract\u00e8re et le charme de l\u2019architecture la plus traditionnelle de l\u2019\u00eele. M\u00eame s\u2019il ne poss\u00e8de pas de grandes installations, il offre au visiteur la possibilit\u00e9 de se loger dans un h\u00f4tel authentique, tr\u00e8s majorquin, et dont tous les aspects sont particuli\u00e8rement soign\u00e9s.<\/p><p>Il a \u00e9t\u00e9 r\u00e9nov\u00e9 et modernis\u00e9, tout en respectant l\u2019essence d\u2019un \u00e9tablissement qui poss\u00e8de une histoire.<\/p><p>Certaines chambres de l\u2019h\u00f4tel offrent des vues \u00e0 couper le souffle sur la Serra de Tramuntana et sur le grand clocher de l\u2019\u00e9glise.<\/p><p>Pour toutes ces raisons, il s\u2019agit d\u2019un endroit tranquille et tr\u00e8s accueillant, avec un contact amical et chaleureux, qui donne un sentiment de bien-\u00eatre au visiteur.<\/p><p>Son emplacement est id\u00e9al pour les amateurs de randonn\u00e9e. La vall\u00e9e de S\u00f3ller et ses environs constituent un endroit privil\u00e9gi\u00e9 du fait de la beaut\u00e9 des paysages. Elle a en effet \u00e9t\u00e9 d\u00e9clar\u00e9e Patrimoine de l\u2019Humanit\u00e9 par l\u2019UNESCO en 2011.<\/p>\t\t\t\t\t\t\t\t<\/div>\n\t\t\t\t<\/div>\n\t\t\t\t\t<\/div>\n\t\t<\/div>\n\t\t\t\t\t<\/div>\n\t\t<\/section>\n\t\t\t\t<\/div>\n\t\t","protected":false},"excerpt":{"rendered":"<p>L\u2019H\u00f4tel HOTEL EL GU\u00cdA Un endroit avec plus d\u2019un si\u00e8cle d\u2019histoire, dont l\u2019essence est rest\u00e9e intacte. Le Gu\u00eda est un petit h\u00f4tel-restaurant situ\u00e9 en plein c\u0153ur du village de S\u00f3ller, \u00e0 c\u00f4t\u00e9 de la gare, et tr\u00e8s pr\u00e8s de la place principale. C\u2019est un des \u00e9tablissements les plus anciens de Majorque (depuis 1880); sa physionomie [&hellip;]<\/p>\n","protected":false},"author":1,"featured_media":0,"parent":0,"menu_order":0,"comment_status":"closed","ping_status":"closed","template":"elementor_header_footer","meta":{"footnotes":""},"class_list":["post-1530","page","type-page","status-publish","hentry"],"_links":{"self":[{"href":"https:\/\/www.hotelelguia.com\/fr\/wp-json\/wp\/v2\/pages\/1530","targetHints":{"allow":["GET"]}}],"collection":[{"href":"https:\/\/www.hotelelguia.com\/fr\/wp-json\/wp\/v2\/pages"}],"about":[{"href":"https:\/\/www.hotelelguia.com\/fr\/wp-json\/wp\/v2\/types\/page"}],"author":[{"embeddable":true,"href":"https:\/\/www.hotelelguia.com\/fr\/wp-json\/wp\/v2\/users\/1"}],"replies":[{"embeddable":true,"href":"https:\/\/www.hotelelguia.com\/fr\/wp-json\/wp\/v2\/comments?post=1530"}],"version-history":[{"count":4,"href":"https:\/\/www.hotelelguia.com\/fr\/wp-json\/wp\/v2\/pages\/1530\/revisions"}],"predecessor-version":[{"id":1630,"href":"https:\/\/www.hotelelguia.com\/fr\/wp-json\/wp\/v2\/pages\/1530\/revisions\/1630"}],"wp:attachment":[{"href":"https:\/\/www.hotelelguia.com\/fr\/wp-json\/wp\/v2\/media?parent=1530"}],"curies":[{"name":"wp","href":"https:\/\/api.w.org\/{rel}","templated":true}]}}