{"id":2036,"date":"2024-10-08T09:29:28","date_gmt":"2024-10-08T09:29:28","guid":{"rendered":"https:\/\/www.hotelelguia.com\/nuestra-historia\/"},"modified":"2025-08-05T08:03:14","modified_gmt":"2025-08-05T08:03:14","slug":"notre-histoire","status":"publish","type":"page","link":"https:\/\/www.hotelelguia.com\/fr\/notre-histoire\/","title":{"rendered":"Notre histoire"},"content":{"rendered":"\t\t<div data-elementor-type=\"wp-page\" data-elementor-id=\"2036\" class=\"elementor elementor-2036\">\n\t\t\t\t\t\t<section class=\"elementor-section elementor-top-section elementor-element elementor-element-93e31fb elementor-section-height-min-height elementor-section-full_width elementor-section-height-default elementor-section-items-middle\" data-id=\"93e31fb\" data-element_type=\"section\" data-settings=\"{&quot;background_background&quot;:&quot;slideshow&quot;,&quot;background_slideshow_gallery&quot;:[{&quot;id&quot;:683,&quot;url&quot;:&quot;https:\\\/\\\/www.hotelelguia.com\\\/wp-content\\\/uploads\\\/2022\\\/07\\\/piscina01.webp&quot;},{&quot;id&quot;:684,&quot;url&quot;:&quot;https:\\\/\\\/www.hotelelguia.com\\\/wp-content\\\/uploads\\\/2022\\\/07\\\/piscina03.webp&quot;},{&quot;id&quot;:685,&quot;url&quot;:&quot;https:\\\/\\\/www.hotelelguia.com\\\/wp-content\\\/uploads\\\/2022\\\/07\\\/planta.webp&quot;},{&quot;id&quot;:686,&quot;url&quot;:&quot;https:\\\/\\\/www.hotelelguia.com\\\/wp-content\\\/uploads\\\/2022\\\/07\\\/restaurante-1.webp&quot;},{&quot;id&quot;:687,&quot;url&quot;:&quot;https:\\\/\\\/www.hotelelguia.com\\\/wp-content\\\/uploads\\\/2022\\\/07\\\/restaurante2.webp&quot;},{&quot;id&quot;:688,&quot;url&quot;:&quot;https:\\\/\\\/www.hotelelguia.com\\\/wp-content\\\/uploads\\\/2022\\\/07\\\/terraza02.webp&quot;},{&quot;id&quot;:689,&quot;url&quot;:&quot;https:\\\/\\\/www.hotelelguia.com\\\/wp-content\\\/uploads\\\/2022\\\/07\\\/vistas.webp&quot;}],&quot;background_slideshow_lazyload&quot;:&quot;yes&quot;,&quot;background_slideshow_loop&quot;:&quot;yes&quot;,&quot;background_slideshow_slide_duration&quot;:5000,&quot;background_slideshow_slide_transition&quot;:&quot;fade&quot;,&quot;background_slideshow_transition_duration&quot;:500}\">\n\t\t\t\t\t\t\t<div class=\"elementor-background-overlay\"><\/div>\n\t\t\t\t\t\t\t<div class=\"elementor-container elementor-column-gap-no\">\n\t\t\t\t\t<div class=\"elementor-column elementor-col-100 elementor-top-column elementor-element elementor-element-7ce03f6\" data-id=\"7ce03f6\" data-element_type=\"column\" data-settings=\"{&quot;background_background&quot;:&quot;classic&quot;}\">\n\t\t\t<div class=\"elementor-widget-wrap elementor-element-populated\">\n\t\t\t\t\t<div class=\"elementor-background-overlay\"><\/div>\n\t\t\t\t\t\t<div class=\"elementor-element elementor-element-d476bc7 titsombra elementor-widget elementor-widget-heading\" data-id=\"d476bc7\" data-element_type=\"widget\" data-widget_type=\"heading.default\">\n\t\t\t\t<div class=\"elementor-widget-container\">\n\t\t\t\t\t<h1 class=\"elementor-heading-title elementor-size-default\">Notre histoire<\/h1>\t\t\t\t<\/div>\n\t\t\t\t<\/div>\n\t\t\t\t\t<\/div>\n\t\t<\/div>\n\t\t\t\t\t<\/div>\n\t\t<\/section>\n\t\t\t\t<section class=\"elementor-section elementor-top-section elementor-element elementor-element-6f43496 elementor-section-content-middle elementor-section-boxed elementor-section-height-default elementor-section-height-default\" data-id=\"6f43496\" data-element_type=\"section\">\n\t\t\t\t\t\t<div class=\"elementor-container elementor-column-gap-extended\">\n\t\t\t\t\t<div class=\"elementor-column elementor-col-100 elementor-top-column elementor-element elementor-element-1ffb26f\" data-id=\"1ffb26f\" data-element_type=\"column\">\n\t\t\t<div class=\"elementor-widget-wrap elementor-element-populated\">\n\t\t\t\t\t\t<div class=\"elementor-element elementor-element-e149c72 h2petit elementor-widget elementor-widget-heading\" data-id=\"e149c72\" data-element_type=\"widget\" data-widget_type=\"heading.default\">\n\t\t\t\t<div class=\"elementor-widget-container\">\n\t\t\t\t\t<h2 class=\"elementor-heading-title elementor-size-default\">HOTEL EL GU\u00cdA<\/h2>\t\t\t\t<\/div>\n\t\t\t\t<\/div>\n\t\t\t\t<div class=\"elementor-element elementor-element-6526bb3 titperso38 elementor-widget elementor-widget-heading\" data-id=\"6526bb3\" data-element_type=\"widget\" data-widget_type=\"heading.default\">\n\t\t\t\t<div class=\"elementor-widget-container\">\n\t\t\t\t\t<div class=\"elementor-heading-title elementor-size-default\">Les <span>secrets <\/span>et les curiosit\u00e9s qu'il rec\u00e8le\u2026<\/div>\t\t\t\t<\/div>\n\t\t\t\t<\/div>\n\t\t\t\t<div class=\"elementor-element elementor-element-df77d2b elementor-widget elementor-widget-text-editor\" data-id=\"df77d2b\" data-element_type=\"widget\" data-widget_type=\"text-editor.default\">\n\t\t\t\t<div class=\"elementor-widget-container\">\n\t\t\t\t\t\t\t\t\t<p>Vous \u00eates sur le point de d\u00e9couvrir l&rsquo;un des plus anciens \u00e9tablissements h\u00f4teliers et de restauration de Majorque\u00a0; ci-dessous, pour votre plus grand plaisir, vous trouverez plus en d\u00e9tail l&rsquo;histoire des d\u00e9buts de cet h\u00f4tel embl\u00e9matique au milieu du XIXe\u00a0si\u00e8cle \u00e0 S\u00f3ller.<\/p>\t\t\t\t\t\t\t\t<\/div>\n\t\t\t\t<\/div>\n\t\t\t\t<div class=\"elementor-element elementor-element-f6521ef bt-outline elementor-widget elementor-widget-button\" data-id=\"f6521ef\" data-element_type=\"widget\" data-widget_type=\"button.default\">\n\t\t\t\t<div class=\"elementor-widget-container\">\n\t\t\t\t\t\t\t\t\t<div class=\"elementor-button-wrapper\">\n\t\t\t\t\t<a class=\"elementor-button elementor-button-link elementor-size-sm\" href=\"https:\/\/www.hotelelguia.com\/pdf\/hotel-el-guia-cas-pentinado-historia_fra.pdf\" target=\"_blank\">\n\t\t\t\t\t\t<span class=\"elementor-button-content-wrapper\">\n\t\t\t\t\t\t<span class=\"elementor-button-icon\">\n\t\t\t\t<i aria-hidden=\"true\" class=\"far fa-file-pdf\"><\/i>\t\t\t<\/span>\n\t\t\t\t\t\t\t\t\t<span class=\"elementor-button-text\">T\u00e9l\u00e9charger le pdf<\/span>\n\t\t\t\t\t<\/span>\n\t\t\t\t\t<\/a>\n\t\t\t\t<\/div>\n\t\t\t\t\t\t\t\t<\/div>\n\t\t\t\t<\/div>\n\t\t\t\t\t<\/div>\n\t\t<\/div>\n\t\t\t\t\t<\/div>\n\t\t<\/section>\n\t\t\t\t<\/div>\n\t\t","protected":false},"excerpt":{"rendered":"<p>Notre histoire HOTEL EL GU\u00cdA Les secrets et les curiosit\u00e9s qu&rsquo;il rec\u00e8le\u2026 Vous \u00eates sur le point de d\u00e9couvrir l&rsquo;un des plus anciens \u00e9tablissements h\u00f4teliers et de restauration de Majorque\u00a0; ci-dessous, pour votre plus grand plaisir, vous trouverez plus en d\u00e9tail l&rsquo;histoire des d\u00e9buts de cet h\u00f4tel embl\u00e9matique au milieu du XIXe\u00a0si\u00e8cle \u00e0 S\u00f3ller. T\u00e9l\u00e9charger [&hellip;]<\/p>\n","protected":false},"author":1,"featured_media":0,"parent":0,"menu_order":1,"comment_status":"closed","ping_status":"closed","template":"elementor_header_footer","meta":{"footnotes":""},"class_list":["post-2036","page","type-page","status-publish","hentry"],"_links":{"self":[{"href":"https:\/\/www.hotelelguia.com\/fr\/wp-json\/wp\/v2\/pages\/2036","targetHints":{"allow":["GET"]}}],"collection":[{"href":"https:\/\/www.hotelelguia.com\/fr\/wp-json\/wp\/v2\/pages"}],"about":[{"href":"https:\/\/www.hotelelguia.com\/fr\/wp-json\/wp\/v2\/types\/page"}],"author":[{"embeddable":true,"href":"https:\/\/www.hotelelguia.com\/fr\/wp-json\/wp\/v2\/users\/1"}],"replies":[{"embeddable":true,"href":"https:\/\/www.hotelelguia.com\/fr\/wp-json\/wp\/v2\/comments?post=2036"}],"version-history":[{"count":3,"href":"https:\/\/www.hotelelguia.com\/fr\/wp-json\/wp\/v2\/pages\/2036\/revisions"}],"predecessor-version":[{"id":2178,"href":"https:\/\/www.hotelelguia.com\/fr\/wp-json\/wp\/v2\/pages\/2036\/revisions\/2178"}],"wp:attachment":[{"href":"https:\/\/www.hotelelguia.com\/fr\/wp-json\/wp\/v2\/media?parent=2036"}],"curies":[{"name":"wp","href":"https:\/\/api.w.org\/{rel}","templated":true}]}}